{"id":2155,"date":"2017-05-01T12:29:51","date_gmt":"2017-05-01T12:29:51","guid":{"rendered":"https:\/\/www.travelingtimetrips.com\/about-us-2\/"},"modified":"2022-07-20T19:31:53","modified_gmt":"2022-07-20T19:31:53","slug":"chi-siamo","status":"publish","type":"page","link":"https:\/\/travelingtimetrips.com\/it\/chi-siamo\/","title":{"rendered":"Chi siamo"},"content":{"rendered":"<p>[vc_row][vc_column]<div class=\"title title--big title--underline title--decoration-bottom-left\">\n\t\t<h3 class=\"title__primary\">Chi siamo <\/h3>\n<\/div>\n[\/vc_column][vc_column 0=&#8221;&#8221;][vc_column_text el_class=&#8221;aboutclass&#8221;]<\/p>\n<h2><\/h2>\n<h2><span style=\"font-size: 14pt;\"><b><i>Anna Karapetyan<\/i><\/b><\/span><\/h2>\n<p><i>Organizzatrice dei viaggi, Guida Turistica,\u00a0 Fondatrice del sito web www.TravelingTimeTrips.com\u00a0<\/i><\/p>\n<p><i><b>Chi organizza i viaggi per Te??<\/b><\/i><\/p>\n<p><i>Da 2010 lavoro come guida culturale\u00a0 in Italiano, in inglese ed in russo. La mia esperienza nel turismo mi ha aiutato a fondare questo sito web e l&#8217; agenzia online per poter organizzare viaggi in l&#8217;Armenia, Artsakh e la Georgia. La mia missione e` far conoscere il mio paese agli stragnieri. Ogni itinerario e` creato secondo le richieste degli ospiti, i loro interessi.\u00a0<\/i><\/p>\n<p><em><strong>Perche&#8217;\u00a0 Missione?<\/strong><\/em><\/p>\n<p><b>L\u2019 <\/b><span style=\"font-weight: 400;\">Armenia \u00e8 uno dei paesi pi\u00f9 antichi al mondo. \u00c8 il primo stato a proclamare il cristianesimo come la religione statale. L\u2019Armenia con la sua ricca cultura, capolavori architettonici, la bella natura, i cibi deliziosi e la gente ospitevole \u00e8 molto attraente ai suoi ospiti. L\u2019attuale Republica d\u2019Armenia occupa solo il 10% del suo territorio storico. Quasi 1000 anni il suo popolo combatteva per la propria esistenza e per questo non era sul palco politico per secoli. <\/span><\/p>\n<p><span style=\"font-weight: 400;\">Nel 2008 studiavo in Italia (Laboratorio Internazionale della Communicazione) assieme con rappresentanti di diversi paesi del mondo. Molto spesso sentivo la confusione dell\u2019Armenia e la Romania. E d&#8217;allora ho deciso di fare del mio meglio perch\u00e9 gli stranieri conoscessero il mio paese piccolo, che merita di essere amato. Non e` una Missione?\u00a0<\/span><\/p>\n<p><em><strong>Guide e Trasporto <\/strong><\/em><\/p>\n<p>Traveling Time collabora con le guide dell&#8217;Associazione Armena delle Guide Professionali. I mezzi di trasporto sono prodotti dopo 2010.<\/p>\n<p><span style=\"font-size: 14pt;\"><strong><i>Contattami<\/i><\/strong><\/span><\/p>\n<p><span style=\"font-size: 12pt;\"><i><span style=\"font-weight: 400;\"><span style=\"font-size: 12pt;\">Per qualsiasi domanda scrivimi su\u00a0\u00a0<\/span><a style=\"font-size: 12pt; font-weight: 400;\" href=\"\/?page_id=9\">email, whatsapp, viber<\/a><span style=\"font-size: 12pt;\"> saro` sempre lieta di aiutarti.<\/span><\/span><\/i><\/span><\/p>\n<p><span style=\"font-size: 14pt;\"><strong><i>I miei servizi\u00a0<\/i><\/strong><\/span><\/p>\n<p><span style=\"font-size: 12pt;\"><i><span style=\"font-weight: 400;\">*Creazione dei pacchetti turistici\u00a0 secondo i tuoi interessi\u00a0<\/span><\/i><\/span><\/p>\n<p><span style=\"font-size: 12pt;\"><i><span style=\"font-weight: 400;\">*Servizio di guida turistica\u00a0<\/span><\/i><\/span><\/p>\n<p><span style=\"font-size: 12pt;\"><i><span style=\"font-weight: 400;\">*Trasporto comfortevole e autista professionale<\/span><\/i><\/span><\/p>\n<p>*Prenotazione degli alberghi<\/p>\n<p>*Organizzazione del cibo<\/p>\n<p>&nbsp;<\/p>\n<p><i><span style=\"font-weight: 400;\"><span style=\"font-size: 18.6667px;\"><b>Come prenotare e pagare per i servizi<\/b><\/span><\/span><\/i><\/p>\n<p><i><span style=\"font-weight: 400;\"><span style=\"font-size: 12pt;\">Grazie alla collaborazione con la miglior banca in Armenia ( secondo la &#8221;The Banker&#8221;) , ora si puo` prenotare e pagare online con il Virtual Pos-Terminal attacato alla banca (Ameria) .\u00a0<\/span><\/span><\/i><\/p>\n<p><span style=\"font-size: 12pt;\"><i><span style=\"font-weight: 400;\">Trova piu info su\u00a0<a href=\"https:\/\/www.linkedin.com\/in\/anna-karapetyan-32a67043\/\"> <b>Linkedin<\/b><\/a>\u00a0. \u00a0<\/span><\/i><\/span><\/p>\n<p>&nbsp;<\/p>\n<p><img loading=\"lazy\" decoding=\"async\" class=\"alignnone size-medium wp-image-1602\" src=\"http:\/\/www.travelingtimetrips.com\/wp-content\/uploads\/2017\/05\/22538883_10155678408068186_8862823110124187439_o-300x200.jpg\" alt=\"\" width=\"300\" height=\"200\" srcset=\"https:\/\/travelingtimetrips.com\/wp-content\/uploads\/2017\/05\/22538883_10155678408068186_8862823110124187439_o-300x200.jpg 300w, https:\/\/travelingtimetrips.com\/wp-content\/uploads\/2017\/05\/22538883_10155678408068186_8862823110124187439_o-1024x683.jpg 1024w, https:\/\/travelingtimetrips.com\/wp-content\/uploads\/2017\/05\/22538883_10155678408068186_8862823110124187439_o-768x512.jpg 768w, https:\/\/travelingtimetrips.com\/wp-content\/uploads\/2017\/05\/22538883_10155678408068186_8862823110124187439_o-531x354.jpg 531w, https:\/\/travelingtimetrips.com\/wp-content\/uploads\/2017\/05\/22538883_10155678408068186_8862823110124187439_o-600x400.jpg 600w, https:\/\/travelingtimetrips.com\/wp-content\/uploads\/2017\/05\/22538883_10155678408068186_8862823110124187439_o-180x120.jpg 180w, https:\/\/travelingtimetrips.com\/wp-content\/uploads\/2017\/05\/22538883_10155678408068186_8862823110124187439_o.jpg 1440w\" sizes=\"(max-width: 300px) 100vw, 300px\" \/><\/p>\n<p>Autore delle foto\u00a0\u00a0<a href=\"https:\/\/web.facebook.com\/amit.alony4u\/?timeline_context_item_type=intro_card_work&amp;timeline_context_item_source=762564439&amp;pnref=lhc\">Amit Alony<\/a>[\/vc_column_text][\/vc_column][\/vc_row]<\/p>\n","protected":false},"excerpt":{"rendered":"<p>[vc_row][vc_column][\/vc_column][vc_column 0=&#8221;&#8221;][vc_column_text el_class=&#8221;aboutclass&#8221;] Anna Karapetyan Organizzatrice dei viaggi, Guida Turistica,\u00a0 Fondatrice del sito web www.TravelingTimeTrips.com\u00a0 Chi organizza i viaggi per Te?? Da 2010 lavoro come guida culturale\u00a0 in Italiano, in inglese ed in russo. La mia esperienza nel turismo mi ha aiutato a fondare questo sito web e l&#8217; agenzia online per poter organizzare viaggi<\/p>\n<div class=\"padding-top text-center\"><a href=\"https:\/\/travelingtimetrips.com\/it\/chi-siamo\/\" class=\"atbtn atbtn--medium atbtn--rounded atbtn--transparent\">Read more<i class=\"atbtn__icon atbtn__icon--right fa fa-long-arrow-right\"><\/i><\/a><\/div>\n","protected":false},"author":1,"featured_media":3147,"parent":0,"menu_order":0,"comment_status":"closed","ping_status":"closed","template":"","meta":{"footnotes":""},"_links":{"self":[{"href":"https:\/\/travelingtimetrips.com\/it\/wp-json\/wp\/v2\/pages\/2155"}],"collection":[{"href":"https:\/\/travelingtimetrips.com\/it\/wp-json\/wp\/v2\/pages"}],"about":[{"href":"https:\/\/travelingtimetrips.com\/it\/wp-json\/wp\/v2\/types\/page"}],"author":[{"embeddable":true,"href":"https:\/\/travelingtimetrips.com\/it\/wp-json\/wp\/v2\/users\/1"}],"replies":[{"embeddable":true,"href":"https:\/\/travelingtimetrips.com\/it\/wp-json\/wp\/v2\/comments?post=2155"}],"version-history":[{"count":6,"href":"https:\/\/travelingtimetrips.com\/it\/wp-json\/wp\/v2\/pages\/2155\/revisions"}],"predecessor-version":[{"id":3150,"href":"https:\/\/travelingtimetrips.com\/it\/wp-json\/wp\/v2\/pages\/2155\/revisions\/3150"}],"wp:featuredmedia":[{"embeddable":true,"href":"https:\/\/travelingtimetrips.com\/it\/wp-json\/wp\/v2\/media\/3147"}],"wp:attachment":[{"href":"https:\/\/travelingtimetrips.com\/it\/wp-json\/wp\/v2\/media?parent=2155"}],"curies":[{"name":"wp","href":"https:\/\/api.w.org\/{rel}","templated":true}]}}