{"id":2157,"date":"2017-05-01T12:30:15","date_gmt":"2017-05-01T12:30:15","guid":{"rendered":"https:\/\/www.travelingtimetrips.com\/testimonials\/"},"modified":"2018-09-06T21:18:04","modified_gmt":"2018-09-06T21:18:04","slug":"recensioni-viaggi","status":"publish","type":"page","link":"https:\/\/travelingtimetrips.com\/it\/recensioni-viaggi\/","title":{"rendered":"Recensioni"},"content":{"rendered":"<p>[vc_row][vc_column]<div class=\"shortcode-tour-reviews\">\n<div class=\"title title--center title--underline title--decoration-bottom-center\">\n\t\t<h3 class=\"title__primary\">Tour Reviews<\/h3>\n<\/div>\n\t<div class=\"shortcode-tour-reviews__item\">\n\t\t<div class=\"shortcode-tour-reviews__item__info\">\n\t\t\t<img alt='' src='https:\/\/secure.gravatar.com\/avatar\/c3fbf2509386e9a42fdc133cc734b977?s=95&#038;d=blank&#038;r=g' srcset='https:\/\/secure.gravatar.com\/avatar\/c3fbf2509386e9a42fdc133cc734b977?s=190&#038;d=blank&#038;r=g 2x' class='avatar avatar-95 photo' height='95' width='95' \/>\t\t\t<div class=\"shortcode-tour-reviews__item__info__name\">Susanna<\/div>\n\t\t<\/div>\n\t\t<div class=\"shortcode-tour-reviews__item__content\">\n\t\t\t<h3 class=\"shortcode-tour-reviews__item__title\"><a href=\"https:\/\/travelingtimetrips.com\/it\/tours\/esplorando-l-armenia-con-musica\/\">Il Suono dell&#039;Armenia<\/a><\/h3>\n\t\t\t\t\t\t<div class=\"shortcode-tour-reviews__item__description\"><p>Avevamo chiesto una vacanza inconsueta non turistica e concentrata sulla musica popolare armena.<br \/>\nAnna ha saputo organizzare un giro bellissimo, istruttivo e mai noioso. Abbiamo conosciuto il misticismo dei monasteri, la nostalgia che induce il suono del duduk, il carattere indomito e particolarmente forte degli armeni e visto musei, natura incontaminata a 2500 mt e poi boschi e paesaggi selvaggi, la citt\u00e0 delle grotte e il ponte sospeso e molto altro&#8230; Non eravamo alla ricerca di emozioni forti o cose sensazionali. Il nostro desiderio era conoscere la cultura armena, vedere la vita di tutti i giorni sia nelle citt\u00e0 che fuori. La vacanza \u00e8 stata davvero perfetta, il tempo \u00e8 stato bello per tutto il viaggio, il cibo ottimo, gli alberghi accoglienti, la visita al geiser una sorpresa davvero inaspettata anche per la gente speciale che vive l\u00ec vicino. La musica \u00e8 stato il leitmotiv del viaggio come noi avevamo chiesto. Anna \u00e8 una ragazza meravigliosa, sensibile e colta con tante cose da raccontare ed \u00e8 bello vedere persone cos\u00ec giovani con un cos\u00ec alto senso civico e con cos\u00ec tanto amore per la propria terra, tale da farci diventare fan armeni. In autunno l&#8217;erba \u00e8 color dell&#8217;oro e quando il vento accarezza il fianco delle montagne sembra di volare.<\/p>\n<\/div>\n\t\t\t<div class=\"shortcode-tour-reviews__item__rating\"><i class=\"fa fa-star\"><\/i><i class=\"fa fa-star\"><\/i><i class=\"fa fa-star\"><\/i><i class=\"fa fa-star\"><\/i><i class=\"fa fa-star\"><\/i><\/div>\t\t<\/div>\n\t<\/div>\n\t<div class=\"shortcode-tour-reviews__item\">\n\t\t<div class=\"shortcode-tour-reviews__item__info\">\n\t\t\t<img alt='' src='https:\/\/secure.gravatar.com\/avatar\/6fc4722e24f839f41a8e8ac64ad09d69?s=95&#038;d=blank&#038;r=g' srcset='https:\/\/secure.gravatar.com\/avatar\/6fc4722e24f839f41a8e8ac64ad09d69?s=190&#038;d=blank&#038;r=g 2x' class='avatar avatar-95 photo' height='95' width='95' \/>\t\t\t<div class=\"shortcode-tour-reviews__item__info__name\">Marco<\/div>\n\t\t<\/div>\n\t\t<div class=\"shortcode-tour-reviews__item__content\">\n\t\t\t<h3 class=\"shortcode-tour-reviews__item__title\"><a href=\"https:\/\/travelingtimetrips.com\/it\/tours\/viaggio-studentesco-sullincrocio-delleuropa-ed-asia-armenia\/\">Sull&#039;Incrocio dell&#039;Europa ed Asia ( Armenia)<\/a><\/h3>\n\t\t\t\t\t\t<div class=\"shortcode-tour-reviews__item__description\"><p>Viaggio straordinario! Siamo partiti in gruppo, e arrivati in  Armenia tramite la Georgia: la nostra fantastica guida Anna ci ha accolti alla frontiera, guida dici alla scoperta di questo Paese magnifico, tra natura incontaminata e antichi monasteri, introducendoci alla sua millenaria storia. Esperienza assolutamente da ripetere!!<\/p>\n<\/div>\n\t\t\t<div class=\"shortcode-tour-reviews__item__rating\"><i class=\"fa fa-star\"><\/i><i class=\"fa fa-star\"><\/i><i class=\"fa fa-star\"><\/i><i class=\"fa fa-star\"><\/i><i class=\"fa fa-star\"><\/i><\/div>\t\t<\/div>\n\t<\/div>\n<\/div>\n[\/vc_column][\/vc_row]<\/p>\n","protected":false},"excerpt":{"rendered":"<p>[vc_row][vc_column][\/vc_column][\/vc_row]<\/p>\n","protected":false},"author":1,"featured_media":0,"parent":0,"menu_order":0,"comment_status":"closed","ping_status":"closed","template":"template-page-with-sidebar.php","meta":{"footnotes":""},"_links":{"self":[{"href":"https:\/\/travelingtimetrips.com\/it\/wp-json\/wp\/v2\/pages\/2157"}],"collection":[{"href":"https:\/\/travelingtimetrips.com\/it\/wp-json\/wp\/v2\/pages"}],"about":[{"href":"https:\/\/travelingtimetrips.com\/it\/wp-json\/wp\/v2\/types\/page"}],"author":[{"embeddable":true,"href":"https:\/\/travelingtimetrips.com\/it\/wp-json\/wp\/v2\/users\/1"}],"replies":[{"embeddable":true,"href":"https:\/\/travelingtimetrips.com\/it\/wp-json\/wp\/v2\/comments?post=2157"}],"version-history":[{"count":2,"href":"https:\/\/travelingtimetrips.com\/it\/wp-json\/wp\/v2\/pages\/2157\/revisions"}],"predecessor-version":[{"id":2179,"href":"https:\/\/travelingtimetrips.com\/it\/wp-json\/wp\/v2\/pages\/2157\/revisions\/2179"}],"wp:attachment":[{"href":"https:\/\/travelingtimetrips.com\/it\/wp-json\/wp\/v2\/media?parent=2157"}],"curies":[{"name":"wp","href":"https:\/\/api.w.org\/{rel}","templated":true}]}}