{"id":2990,"date":"2021-09-09T06:50:35","date_gmt":"2021-09-09T06:50:35","guid":{"rendered":"https:\/\/www.travelingtimetrips.com\/want-to-find-a-travel-inspiration-and-travel-tips-you-are-in-the-right-place-traveling-time-trips-will-lead-you-to-your-dream-travel-destination\/"},"modified":"2025-07-21T20:00:04","modified_gmt":"2025-07-21T20:00:04","slug":"want-to-find-a-travel-inspiration-and-travel-tips-you-are-in-the-right-place-traveling-time-trips-will-lead-you-to-your-dream-travel-destination","status":"publish","type":"page","link":"https:\/\/travelingtimetrips.com\/it\/","title":{"rendered":""},"content":{"rendered":"<p>[vc_row full_width=&#8221;stretch_row_content_no_spaces&#8221; css=&#8221;.vc_custom_1706272300492{margin-top: 0px !important;border-top-width: 0px !important;padding-top: 0px !important;}&#8221;][vc_column css=&#8221;.vc_custom_1706272441806{margin-top: -40px !important;border-top-width: 0px !important;padding-top: 0px !important;}&#8221;][vc_gallery interval=&#8221;10&#8243; images=&#8221;4015,3870,3409,3867,3613&#8243; img_size=&#8221;full&#8221; css=&#8221;.vc_custom_1753127998493{margin-top: 0px !important;border-top-width: 0px !important;padding-top: 0px !important;}&#8221;][\/vc_column][\/vc_row][vc_row full_width=&#8221;stretch_row_content_no_spaces&#8221; content_placement=&#8221;middle&#8221; disable_element=&#8221;yes&#8221; css=&#8221;.vc_custom_1706272287971{margin-top: -40px !important;padding-top: 200px !important;padding-right: 30px !important;padding-bottom: 200px !important;padding-left: 30px !important;background-image: url(https:\/\/travelingtimetrips.com\/wp-content\/uploads\/2017\/11\/DSC1655-min.jpg?id=1659) !important;background-position: center !important;background-repeat: no-repeat !important;background-size: cover !important;}&#8221; el_class=&#8221;tour-search-form&#8221;][vc_column]<div class=\"form-block form-block--horizontal form-block--light-style form-block--with-border form-block--with-title form-block--button-align-center\">\n\t<div class=\"title title--center title--underline title--decoration-bottom-center\">\n\t\t<h3 class=\"title__primary\">Search<\/h3>\n<\/div>\n\n\t<form class=\"form-block__form\" method=\"get\" action=\"https:\/\/travelingtimetrips.com\/it\/\">\n\t\t<input type=\"hidden\" name=\"toursearch\" value=\"1\"\/>\n\t\t\t<input type=\"hidden\" name=\"lang\" value=\"it\"\/>\n\t\n\t\t<div class=\"row\">\n\t\t<div class=\"col-sm-4\"><div class=\"form-block__item form-block__field-width-icon\"><input type=\"text\" placeholder=\"Cerca Tour\" value=\"\" name=\"s\"\/><i class=\"td-search-1\"><\/i><\/div><\/div><div class=\"col-sm-4\"><div class=\"form-block__item\"><select name=\"tourtax[pa_number-of-days]\" class=\"selectpicker\"><option value=\"\" selected=\"selected\">Number of days<\/option><option value=\"5-it\">5<\/option><\/select><\/div><\/div><div class=\"col-sm-2\"><div class=\"form-block__item\"><select name=\"tourtax[pa_interests]\" class=\"selectpicker\"><option value=\"\" selected=\"selected\">Interests<\/option><option value=\"cultural-tour-guided-tour-unesco-history-nature-adventure-it\">Cultural tour, Guided tour, UNESCO, History, Nature, Adventure,<\/option><\/select><\/div><\/div><div class=\"col-sm-2\"><button type=\"submit\" class=\"atbtn atbtn--primary\">Trova Viaggi<\/button><\/div>\t\t<\/div>\n\t<\/form>\n<\/div>\n[\/vc_column][\/vc_row][vc_row][vc_column css_animation=&#8221;rollIn&#8221; offset=&#8221;vc_col-md-9&#8243;][\/vc_column][vc_column offset=&#8221;vc_col-md-3&#8243;][vc_raw_html]PGRpdiBjbGFzcz0ibWFyZ2luLXRvcCBtYXJnaW4tYm90dG9tIHZpc2libGUtc20gdmlzaWJsZS14cyI+PC9kaXY+[\/vc_raw_html][\/vc_column][\/vc_row][vc_row css=&#8221;.vc_custom_1680635996821{margin-top: 60px !important;}&#8221;][vc_column][vc_column_text]<div class=\"ti-widget ti-trip\" data-layout-id=\"4\" data-set-id=\"light-background\" data-pid=\"\" data-pager-autoplay-timeout=\"6\" data-review-target-width=\"300\" data-language=\"en\"> <div class=\"ti-widget-container ti-col-3\"> <div class=\"ti-reviews-container\"> <div class=\"ti-controls\"> <div class=\"ti-next\"><\/div> <div class=\"ti-prev\"><\/div> <\/div> <div class=\"ti-reviews-container-wrapper\">  <div data-empty=\"0\" class=\"ti-review-item source-Tripadvisor\"> <div class=\"ti-inner\"> <div class=\"ti-review-header\"> <div class=\"ti-profile-img\"> <img decoding=\"async\" src=\"https:\/\/dynamic-media-cdn.tripadvisor.com\/media\/photo-o\/1a\/f6\/ea\/74\/default-avatar-2020-68.jpg?w=1200&h=1200&s=1\" alt=\"Maria\" \/> <\/div> <div class=\"ti-profile-details\"> <div class=\"ti-name\"> Maria <\/div> <div class=\"ti-date\">2025-09-21<\/div> <\/div> <\/div> <span class=\"ti-stars\"><span class=\"ti-star f\"><\/span><span class=\"ti-star f\"><\/span><span class=\"ti-star f\"><\/span><span class=\"ti-star f\"><\/span><span class=\"ti-star f\"><\/span><\/span> <div class=\"ti-review-text-container ti-review-content\"><!-- R-CONTENT --><strong>Un'esperienza di viaggio piacevole<\/strong>\nHo avuto il piacere di partecipare a questo tour curato in ogni dettaglio e devo dire che \u00e8 stata un'esperienza davvero piacevole. Abbiamo visitato una variet\u00e0 di luoghi affascinanti e interessanti scelti con cura per offrire un'immersione completa nella cultura e nella storia del posto. La nostra guida, oltre a essere incredibilmente preparata e competente, era anche appassionata e capace di rendere ogni spiegazione coinvolgente e mai noiosa. Inoltre la titolare con la sua attenzione ad ogni nostra esigenza e la sua disponibilit\u00e0 si \u00e8 dimostrata non solo una professionista, ma quasi una vecchia amica. Grazie per aver reso questo viaggio non solo un'esplorazione, ma un ricordo prezioso.<!-- R-CONTENT --><\/div> <span class=\"ti-read-more\" data-container=\".ti-review-content\" data-collapse-text=\"Hide\" data-open-text=\"Read more\"><\/span> <\/div> <\/div>  <div data-empty=\"0\" class=\"ti-review-item source-Tripadvisor\"> <div class=\"ti-inner\"> <div class=\"ti-review-header\"> <div class=\"ti-profile-img\"> <img decoding=\"async\" src=\"https:\/\/dynamic-media-cdn.tripadvisor.com\/media\/photo-o\/0d\/1a\/0a\/a0\/jorghe-p.jpg?w=960&h=960&s=1\" alt=\"Jorghe P\" \/> <\/div> <div class=\"ti-profile-details\"> <div class=\"ti-name\"> Jorghe P <\/div> <div class=\"ti-date\">2025-09-19<\/div> <\/div> <\/div> <span class=\"ti-stars\"><span class=\"ti-star f\"><\/span><span class=\"ti-star f\"><\/span><span class=\"ti-star f\"><\/span><span class=\"ti-star f\"><\/span><span class=\"ti-star f\"><\/span><\/span> <div class=\"ti-review-text-container ti-review-content\"><!-- R-CONTENT --><strong>Viva l\u2019Armenia \ud83c\udde6\ud83c\uddf2<\/strong>\nBhe che dire,esperienza unica. Ma per viverla nella sua unicit\u00e0 bisogna soltanto affidarsi ad Anna,perfetta nel farti vivere affondo la sua terra e le sue delizie,la sua storia e i suoi racconti\u2026.esperienza unica. Viva l\u2019Armenia \ud83c\udde6\ud83c\uddf2<!-- R-CONTENT --><\/div> <span class=\"ti-read-more\" data-container=\".ti-review-content\" data-collapse-text=\"Hide\" data-open-text=\"Read more\"><\/span> <\/div> <\/div>  <div data-empty=\"0\" class=\"ti-review-item source-Tripadvisor\"> <div class=\"ti-inner\"> <div class=\"ti-review-header\"> <div class=\"ti-profile-img\"> <img decoding=\"async\" src=\"https:\/\/dynamic-media-cdn.tripadvisor.com\/media\/photo-o\/1a\/f6\/ec\/3d\/default-avatar-2020-1.jpg?w=1200&h=1200&s=1\" alt=\"Enrico G\" \/> <\/div> <div class=\"ti-profile-details\"> <div class=\"ti-name\"> Enrico G <\/div> <div class=\"ti-date\">2025-09-19<\/div> <\/div> <\/div> <span class=\"ti-stars\"><span class=\"ti-star f\"><\/span><span class=\"ti-star f\"><\/span><span class=\"ti-star f\"><\/span><span class=\"ti-star f\"><\/span><span class=\"ti-star f\"><\/span><\/span> <div class=\"ti-review-text-container ti-review-content\"><!-- R-CONTENT --><strong>VIAGGIO IN ARMENIA<\/strong>\nOttima organizzazione, e bellissimo tour che \u00e8 stato molto intenso. Abbiamo avuto modo di conoscere la triste storia dell' Armenia e le sue minoranze religiose ed etniche<!-- R-CONTENT --><\/div> <span class=\"ti-read-more\" data-container=\".ti-review-content\" data-collapse-text=\"Hide\" data-open-text=\"Read more\"><\/span> <\/div> <\/div>  <div data-empty=\"0\" class=\"ti-review-item source-Tripadvisor\"> <div class=\"ti-inner\"> <div class=\"ti-review-header\"> <div class=\"ti-profile-img\"> <img decoding=\"async\" src=\"https:\/\/dynamic-media-cdn.tripadvisor.com\/media\/photo-o\/1a\/f6\/ed\/00\/default-avatar-2020-4.jpg?w=1200&h=1200&s=1\" alt=\"francesca G\" \/> <\/div> <div class=\"ti-profile-details\"> <div class=\"ti-name\"> francesca G <\/div> <div class=\"ti-date\">2025-09-19<\/div> <\/div> <\/div> <span class=\"ti-stars\"><span class=\"ti-star f\"><\/span><span class=\"ti-star f\"><\/span><span class=\"ti-star f\"><\/span><span class=\"ti-star f\"><\/span><span class=\"ti-star f\"><\/span><\/span> <div class=\"ti-review-text-container ti-review-content\"><!-- R-CONTENT --><strong>La vera Armenia<\/strong>\nLa guida ci ha permesso di scoprire un Paese sostanzialmente poco sconosciuto. Ci ha permesso di immergerci nella cultura e nel folklore. Ottime le esperienze delle lavorazioni dei pani e della cucina casalinga. Con Anna scopri la vera Armenia!!!<!-- R-CONTENT --><\/div> <span class=\"ti-read-more\" data-container=\".ti-review-content\" data-collapse-text=\"Hide\" data-open-text=\"Read more\"><\/span> <\/div> <\/div>  <div data-empty=\"0\" class=\"ti-review-item source-Tripadvisor\"> <div class=\"ti-inner\"> <div class=\"ti-review-header\"> <div class=\"ti-profile-img\"> <img decoding=\"async\" src=\"https:\/\/dynamic-media-cdn.tripadvisor.com\/media\/photo-o\/1a\/f6\/e7\/3d\/default-avatar-2020-55.jpg?w=1200&h=1200&s=1\" alt=\"Federica B\" \/> <\/div> <div class=\"ti-profile-details\"> <div class=\"ti-name\"> Federica B <\/div> <div class=\"ti-date\">2025-09-19<\/div> <\/div> <\/div> <span class=\"ti-stars\"><span class=\"ti-star f\"><\/span><span class=\"ti-star f\"><\/span><span class=\"ti-star f\"><\/span><span class=\"ti-star f\"><\/span><span class=\"ti-star f\"><\/span><\/span> <div class=\"ti-review-text-container ti-review-content\"><!-- R-CONTENT --><strong>Armenia \u2763\ufe0f<\/strong>\nTour bello ed interessante. Anna molto disponibile e gentile. Sono contenta della scelta fatta e consiglio a tutti l esperienza in Armenia \u263a\ufe0f<!-- R-CONTENT --><\/div> <span class=\"ti-read-more\" data-container=\".ti-review-content\" data-collapse-text=\"Hide\" data-open-text=\"Read more\"><\/span> <\/div> <\/div>  <div data-empty=\"0\" class=\"ti-review-item source-Tripadvisor\"> <div class=\"ti-inner\"> <div class=\"ti-review-header\"> <div class=\"ti-profile-img\"> <img decoding=\"async\" src=\"https:\/\/dynamic-media-cdn.tripadvisor.com\/media\/photo-o\/1d\/26\/34\/67\/cloudcircle.jpg?w=435&h=435&s=1\" alt=\"Planula\" \/> <\/div> <div class=\"ti-profile-details\"> <div class=\"ti-name\"> Planula <\/div> <div class=\"ti-date\">2025-08-07<\/div> <\/div> <\/div> <span class=\"ti-stars\"><span class=\"ti-star f\"><\/span><span class=\"ti-star f\"><\/span><span class=\"ti-star f\"><\/span><span class=\"ti-star f\"><\/span><span class=\"ti-star f\"><\/span><\/span> <div class=\"ti-review-text-container ti-review-content\"><!-- R-CONTENT --><strong>L'angelo custode dell'Armenia<\/strong>\nDa tempo mi incuriosiva l'Armenia, un viaggio ignoto voluto dal solo spirito di ricerca di luoghi poco battuti dal turismo di massa. Dopo una semplice ricerca sul web, ho intercettato il nome di Anna. Paziente gi\u00e0 a distanza, Anna ha reso il viaggio gradevole e particolarmente ricco di stupore La mia intenzione originaria era quella di fare un giro prettamente in solitaria ma leggendo alcuni blog mi sono resa conto che i collegamenti interni non erano super-affidabili ed efficienti quindi Anna mi ha proposto di condividere una 3gg in giro pr l'Armenia con un'altra ragazza (con driver e guida), una giornata in giro con il solo (gentilissimo) driver nei dintorni di Yerevan e gli altri da sola per le vie di Yerevan. Anche nei momenti in cui ero da sola, Anna ci teneva a darmi consigli e a rendersi disponibile per ogni necessit\u00e0. Grazie di tutto, Anna, della pazienza, della professionalit\u00e0 e della ricerca di autenticit\u00e0 condivisa.<!-- R-CONTENT --><\/div> <span class=\"ti-read-more\" data-container=\".ti-review-content\" data-collapse-text=\"Hide\" data-open-text=\"Read more\"><\/span> <\/div> <\/div>  <div data-empty=\"0\" class=\"ti-review-item source-Tripadvisor\"> <div class=\"ti-inner\"> <div class=\"ti-review-header\"> <div class=\"ti-profile-img\"> <img decoding=\"async\" src=\"https:\/\/dynamic-media-cdn.tripadvisor.com\/media\/photo-o\/2b\/29\/45\/c4\/007stebond.jpg?w=1024&h=1024&s=1\" alt=\"stebond\" \/> <\/div> <div class=\"ti-profile-details\"> <div class=\"ti-name\"> stebond <\/div> <div class=\"ti-date\">2025-06-02<\/div> <\/div> <\/div> <span class=\"ti-stars\"><span class=\"ti-star f\"><\/span><span class=\"ti-star f\"><\/span><span class=\"ti-star f\"><\/span><span class=\"ti-star f\"><\/span><span class=\"ti-star f\"><\/span><\/span> <div class=\"ti-review-text-container ti-review-content\"><!-- R-CONTENT --><strong>fantastico TOUR! fantastica GUIDA!<\/strong>\nAbbiamo contattato Anna mesi con molti mesi di anticipo per organizzare il nostro viaggio in Armenia (mini gruppo 9 persone). Fin da subito ho trovato una persona disponibile e proattiva che ci ha proposto una parte di tour e la parte finale a Yerevan per le escursioni pi\u00f9 vicine; ha adattato e personalizzato il nostro programma sia per la modifica dei nostri voli sia per accontentare le nostre richieste. La disponibilit\u00e0 di Anna \u00e8 stata anche verso altre turiste, faccio l'esempio di tal Nadia che si \u00e8 permessa di dare 2 stelle (atterrate con il nostro volo hanno sfruttato il nostro passaggio fino all'hotel) che nella giornata del 22 aprile ad ogni tappa hanno ascoltato le spiegazioni di Anna (nonostante avessero pagato solo l'autista). Le 10 giornate di viaggio hanno toccato i punti pi\u00f9 interessanti dell'armenia; abbiamo goduto del giusto alternarsi di visite, cibo e chilometri percorsi (molto bravo anche l'autista Raffo). speciale la giornata in compagnia di una famiglia con giro in jeppone sul cucuzzolo della montagna. Buonissima\/issima la degustazione dei vini, che era pi\u00f9 un pranzo visto la quantit\u00e0 di cibo, e il pranzo assaggiando le specialit\u00e0 di formaggio. in estrema sintesi Anna \u00e8 stata perfetta sotto ogni punto di vista e si meriterebbe 6 stelline per il rapporto prezzo\/qualit\u00e0 eccellente.<!-- R-CONTENT --><\/div> <span class=\"ti-read-more\" data-container=\".ti-review-content\" data-collapse-text=\"Hide\" data-open-text=\"Read more\"><\/span> <\/div> <\/div>  <div data-empty=\"0\" class=\"ti-review-item source-Tripadvisor\"> <div class=\"ti-inner\"> <div class=\"ti-review-header\"> <div class=\"ti-profile-img\"> <img decoding=\"async\" src=\"https:\/\/dynamic-media-cdn.tripadvisor.com\/media\/photo-o\/1a\/f6\/ec\/a2\/default-avatar-2020-3.jpg?w=1200&h=1200&s=1\" alt=\"giovanni a\" \/> <\/div> <div class=\"ti-profile-details\"> <div class=\"ti-name\"> giovanni a <\/div> <div class=\"ti-date\">2025-05-11<\/div> <\/div> <\/div> <span class=\"ti-stars\"><span class=\"ti-star f\"><\/span><span class=\"ti-star f\"><\/span><span class=\"ti-star f\"><\/span><span class=\"ti-star f\"><\/span><span class=\"ti-star f\"><\/span><\/span> <div class=\"ti-review-text-container ti-review-content\"><!-- R-CONTENT --><strong>UNA BELLA NAZIONE, UN BEL VIAGGIO, DA RITORNARCI IN FUTURO<\/strong>\nUn viaggio inaspettatamente bello, non solo di evasione, ma anche di intensa riflessione interiore. Il senso dei viaggi, a mio avviso, e' trovare anche qualcosa che va fuori dall'ordinario e ti mette difronte a te stesso nel bene come nel male. Il tour e' stato organizzato e realizzato in maniera eccellente sotto tutti gli aspetti: dalla scelta degli hotel, a quello che Anna ci spiegava nel suo perfetto italiano svelandoci il suo paese. Raffo l'autista Mercedes Sprinter bravissimo, David un ottimo allievo della mamma. Consiglio a chi volesse affrontare un tour simile per la prima volta di avere GUIDA E AUTISTA. Traveling Time e' un agenzia che ha un costo ottimo per questo tour. Un sorriso di ANNA vale un viaggio in Armenia (le rose della foto sono dedicate a te)<!-- R-CONTENT --><\/div> <span class=\"ti-read-more\" data-container=\".ti-review-content\" data-collapse-text=\"Hide\" data-open-text=\"Read more\"><\/span> <\/div> <\/div>  <div data-empty=\"0\" class=\"ti-review-item source-Tripadvisor\"> <div class=\"ti-inner\"> <div class=\"ti-review-header\"> <div class=\"ti-profile-img\"> <img decoding=\"async\" src=\"https:\/\/dynamic-media-cdn.tripadvisor.com\/media\/photo-o\/04\/c3\/8d\/00\/dea-atena.jpg?w=480&h=640&s=1\" alt=\"dea_atena\" \/> <\/div> <div class=\"ti-profile-details\"> <div class=\"ti-name\"> dea_atena <\/div> <div class=\"ti-date\">2025-05-07<\/div> <\/div> <\/div> <span class=\"ti-stars\"><span class=\"ti-star f\"><\/span><span class=\"ti-star f\"><\/span><span class=\"ti-star f\"><\/span><span class=\"ti-star f\"><\/span><span class=\"ti-star f\"><\/span><\/span> <div class=\"ti-review-text-container ti-review-content\"><!-- R-CONTENT --><strong>Che bel viaggio!!!<\/strong>\nAnna \u00e8 BRAVISSIMA. Anna \u00e8 una professionista che non si limita ad organizzare il tour sciegliendo per te un ottimo programma, un ottimo autista, un'ottima auto, degli ottimi hotel od a spiegarti benissimo le cose : Anna ama il proprio paese e ti trasmette, nel suo italiano perfetto, le emozioni che solo una terra come l'Armenia pu\u00f2 offrirti. Puntualissima sempre nei tempi e nei modi , \u00e8 riuscita a mostrarci i monasteri della sua terra , i paesaggi immensi e straordinari , i paesini ed i monumenti ma anche e soprattutto la gente, a farci assaporare il cibo, a variare le esperienze: dalla degustazione del cognac, a quella dei vini, al pranzo con un micro corso di cucina, all'assaggio dei formaggi, al giro con la jeep che quando arrivi in cima a poca distanza c'\u00e8 l'Azebajian, ad imparare a confezionare i cioccolatini. Ci ha assistito ricordandosi chi era allergico a determintai cibi, pensando alla sostituzione, ci era vicno nella scelta dei piatti : il tutto sempre con un contagioso sorriso. Una organizzazione impeccabile ad un costo pi\u00f9 che ottimo! Abbiamo imparato divertendoci! L' Agenzia di Anna la SUPER CONSIGLIO a chi vuole vedere l' Armenia<!-- R-CONTENT --><\/div> <span class=\"ti-read-more\" data-container=\".ti-review-content\" data-collapse-text=\"Hide\" data-open-text=\"Read more\"><\/span> <\/div> <\/div>  <div data-empty=\"0\" class=\"ti-review-item source-Tripadvisor\"> <div class=\"ti-inner\"> <div class=\"ti-review-header\"> <div class=\"ti-profile-img\"> <img decoding=\"async\" src=\"https:\/\/cdn.trustindex.io\/assets\/default-avatar\/noprofile-01.svg\" alt=\"Alessandro C\" \/> <\/div> <div class=\"ti-profile-details\"> <div class=\"ti-name\"> Alessandro C <\/div> <div class=\"ti-date\">2025-05-04<\/div> <\/div> <\/div> <span class=\"ti-stars\"><span class=\"ti-star f\"><\/span><span class=\"ti-star f\"><\/span><span class=\"ti-star f\"><\/span><span class=\"ti-star f\"><\/span><span class=\"ti-star f\"><\/span><\/span> <div class=\"ti-review-text-container ti-review-content\"><!-- R-CONTENT --><strong>L\u2019agenzia di Anna \u00e8 il top!<\/strong>\nAnna ha organizzato un tour fantastico! La consiglio a tutti. L\u2019ultimo giorno siamo stati a casa sua e ci ha offerto il famoso cognac armeno. Anna \u00e8 una persona squisita, cos\u00ec come Lucine, che \u00e8 stata la nostra guida nei primi tre giorni di viaggio. Magnifiche le esperienze con i molocani e gli yazidi.<!-- R-CONTENT --><\/div> <span class=\"ti-read-more\" data-container=\".ti-review-content\" data-collapse-text=\"Hide\" data-open-text=\"Read more\"><\/span> <\/div> <\/div>  <\/div> <div class=\"ti-controls-line\"> <div class=\"dot\"><\/div> <\/div> <\/div> <div class=\"ti-footer\"> <div class=\"ti-rating-text\"> <span class=\"nowrap\"><strong>Tripadvisor<\/strong> rating score: <\/span><span class=\"nowrap\"><strong>4.9<\/strong> of 5, <\/span><span class=\"nowrap\">based on <strong>50 reviews<\/strong><\/span> <\/div> <\/div>  <\/div> <\/div>[\/vc_column_text][\/vc_column][\/vc_row][vc_row el_class=&#8221;section-white padding-top-large padding-bottom&#8221;][vc_column parallax=&#8221;content-moving&#8221; css_animation=&#8221;fadeIn&#8221; offset=&#8221;vc_col-md-12&#8243;]<div class=\"shortcode-tour-reviews\">\n<div class=\"title title--center title--underline title--decoration-bottom-center\">\n\t\t<h3 class=\"title__primary\">TOUR REVIEWS<\/h3>\n<\/div>\n\t<div class=\"shortcode-tour-reviews__item\">\n\t\t<div class=\"shortcode-tour-reviews__item__info\">\n\t\t\t<img alt='' src='https:\/\/secure.gravatar.com\/avatar\/c3fbf2509386e9a42fdc133cc734b977?s=95&#038;d=blank&#038;r=g' srcset='https:\/\/secure.gravatar.com\/avatar\/c3fbf2509386e9a42fdc133cc734b977?s=190&#038;d=blank&#038;r=g 2x' class='avatar avatar-95 photo' height='95' width='95' \/>\t\t\t<div class=\"shortcode-tour-reviews__item__info__name\">Susanna<\/div>\n\t\t<\/div>\n\t\t<div class=\"shortcode-tour-reviews__item__content\">\n\t\t\t<h3 class=\"shortcode-tour-reviews__item__title\"><a href=\"https:\/\/travelingtimetrips.com\/it\/tours\/esplorando-l-armenia-con-musica\/\">Il Suono dell&#039;Armenia<\/a><\/h3>\n\t\t\t\t\t\t<div class=\"shortcode-tour-reviews__item__description\"><p>Avevamo chiesto una vacanza inconsueta non turistica e concentrata sulla musica popolare armena.<br \/>\nAnna ha saputo organizzare un giro bellissimo, istruttivo e mai noioso. Abbiamo conosciuto il misticismo dei monasteri, la nostalgia che induce il suono del duduk, il carattere indomito e particolarmente forte degli armeni e visto musei, natura incontaminata a 2500 mt e poi boschi e paesaggi selvaggi, la citt\u00e0 delle grotte e il ponte sospeso e molto altro&#8230; Non eravamo alla ricerca di emozioni forti o cose sensazionali. Il nostro desiderio era conoscere la cultura armena, vedere la vita di tutti i giorni sia nelle citt\u00e0 che fuori. La vacanza \u00e8 stata davvero perfetta, il tempo \u00e8 stato bello per tutto il viaggio, il cibo ottimo, gli alberghi accoglienti, la visita al geiser una sorpresa davvero inaspettata anche per la gente speciale che vive l\u00ec vicino. La musica \u00e8 stato il leitmotiv del viaggio come noi avevamo chiesto. Anna \u00e8 una ragazza meravigliosa, sensibile e colta con tante cose da raccontare ed \u00e8 bello vedere persone cos\u00ec giovani con un cos\u00ec alto senso civico e con cos\u00ec tanto amore per la propria terra, tale da farci diventare fan armeni. In autunno l&#8217;erba \u00e8 color dell&#8217;oro e quando il vento accarezza il fianco delle montagne sembra di volare.<\/p>\n<\/div>\n\t\t\t<div class=\"shortcode-tour-reviews__item__rating\"><i class=\"fa fa-star\"><\/i><i class=\"fa fa-star\"><\/i><i class=\"fa fa-star\"><\/i><i class=\"fa fa-star\"><\/i><i class=\"fa fa-star\"><\/i><\/div>\t\t<\/div>\n\t<\/div>\n\t<div class=\"shortcode-tour-reviews__item\">\n\t\t<div class=\"shortcode-tour-reviews__item__info\">\n\t\t\t<img alt='' src='https:\/\/secure.gravatar.com\/avatar\/6fc4722e24f839f41a8e8ac64ad09d69?s=95&#038;d=blank&#038;r=g' srcset='https:\/\/secure.gravatar.com\/avatar\/6fc4722e24f839f41a8e8ac64ad09d69?s=190&#038;d=blank&#038;r=g 2x' class='avatar avatar-95 photo' height='95' width='95' \/>\t\t\t<div class=\"shortcode-tour-reviews__item__info__name\">Marco<\/div>\n\t\t<\/div>\n\t\t<div class=\"shortcode-tour-reviews__item__content\">\n\t\t\t<h3 class=\"shortcode-tour-reviews__item__title\"><a href=\"https:\/\/travelingtimetrips.com\/it\/tours\/viaggio-studentesco-sullincrocio-delleuropa-ed-asia-armenia\/\">Sull&#039;Incrocio dell&#039;Europa ed Asia ( Armenia)<\/a><\/h3>\n\t\t\t\t\t\t<div class=\"shortcode-tour-reviews__item__description\"><p>Viaggio straordinario! Siamo partiti in gruppo, e arrivati in  Armenia tramite la Georgia: la nostra fantastica guida Anna ci ha accolti alla frontiera, guida dici alla scoperta di questo Paese magnifico, tra natura incontaminata e antichi monasteri, introducendoci alla sua millenaria storia. Esperienza assolutamente da ripetere!!<\/p>\n<\/div>\n\t\t\t<div class=\"shortcode-tour-reviews__item__rating\"><i class=\"fa fa-star\"><\/i><i class=\"fa fa-star\"><\/i><i class=\"fa fa-star\"><\/i><i class=\"fa fa-star\"><\/i><i class=\"fa fa-star\"><\/i><\/div>\t\t<\/div>\n\t<\/div>\n<\/div>\n[\/vc_column][\/vc_row]<\/p>\n","protected":false},"excerpt":{"rendered":"<p>[vc_row full_width=&#8221;stretch_row_content_no_spaces&#8221; css=&#8221;.vc_custom_1706272300492{margin-top: 0px !important;border-top-width: 0px !important;padding-top: 0px !important;}&#8221;][vc_column css=&#8221;.vc_custom_1706272441806{margin-top: -40px !important;border-top-width: 0px !important;padding-top: 0px !important;}&#8221;][vc_gallery interval=&#8221;10&#8243; images=&#8221;4015,3870,3409,3867,3613&#8243; img_size=&#8221;full&#8221; css=&#8221;.vc_custom_1753127998493{margin-top: 0px !important;border-top-width: 0px !important;padding-top: 0px !important;}&#8221;][\/vc_column][\/vc_row][vc_row full_width=&#8221;stretch_row_content_no_spaces&#8221; content_placement=&#8221;middle&#8221; disable_element=&#8221;yes&#8221; css=&#8221;.vc_custom_1706272287971{margin-top: -40px !important;padding-top: 200px !important;padding-right: 30px !important;padding-bottom: 200px !important;padding-left: 30px !important;background-image: url(https:\/\/travelingtimetrips.com\/wp-content\/uploads\/2017\/11\/DSC1655-min.jpg?id=1659) !important;background-position: center !important;background-repeat: no-repeat !important;background-size: cover !important;}&#8221; el_class=&#8221;tour-search-form&#8221;][vc_column][\/vc_column][\/vc_row][vc_row][vc_column css_animation=&#8221;rollIn&#8221; offset=&#8221;vc_col-md-9&#8243;][\/vc_column][vc_column offset=&#8221;vc_col-md-3&#8243;][vc_raw_html]PGRpdiBjbGFzcz0ibWFyZ2luLXRvcCBtYXJnaW4tYm90dG9tIHZpc2libGUtc20gdmlzaWJsZS14cyI+PC9kaXY+[\/vc_raw_html][\/vc_column][\/vc_row][vc_row css=&#8221;.vc_custom_1680635996821{margin-top: 60px !important;}&#8221;][vc_column][vc_column_text][\/vc_column_text][\/vc_column][\/vc_row][vc_row<\/p>\n<div class=\"padding-top text-center\"><a href=\"https:\/\/travelingtimetrips.com\/it\/\" class=\"atbtn atbtn--medium atbtn--rounded atbtn--transparent\">Read more<i class=\"atbtn__icon atbtn__icon--right fa fa-long-arrow-right\"><\/i><\/a><\/div>\n","protected":false},"author":1,"featured_media":0,"parent":0,"menu_order":0,"comment_status":"closed","ping_status":"closed","template":"","meta":{"footnotes":""},"_links":{"self":[{"href":"https:\/\/travelingtimetrips.com\/it\/wp-json\/wp\/v2\/pages\/2990"}],"collection":[{"href":"https:\/\/travelingtimetrips.com\/it\/wp-json\/wp\/v2\/pages"}],"about":[{"href":"https:\/\/travelingtimetrips.com\/it\/wp-json\/wp\/v2\/types\/page"}],"author":[{"embeddable":true,"href":"https:\/\/travelingtimetrips.com\/it\/wp-json\/wp\/v2\/users\/1"}],"replies":[{"embeddable":true,"href":"https:\/\/travelingtimetrips.com\/it\/wp-json\/wp\/v2\/comments?post=2990"}],"version-history":[{"count":25,"href":"https:\/\/travelingtimetrips.com\/it\/wp-json\/wp\/v2\/pages\/2990\/revisions"}],"predecessor-version":[{"id":4252,"href":"https:\/\/travelingtimetrips.com\/it\/wp-json\/wp\/v2\/pages\/2990\/revisions\/4252"}],"wp:attachment":[{"href":"https:\/\/travelingtimetrips.com\/it\/wp-json\/wp\/v2\/media?parent=2990"}],"curies":[{"name":"wp","href":"https:\/\/api.w.org\/{rel}","templated":true}]}}