{"id":4246,"date":"2025-07-21T19:41:05","date_gmt":"2025-07-21T19:41:05","guid":{"rendered":"https:\/\/travelingtimetrips.com\/?page_id=4246"},"modified":"2025-08-07T15:58:39","modified_gmt":"2025-08-07T15:58:39","slug":"termini-e-condizioni","status":"publish","type":"page","link":"https:\/\/travelingtimetrips.com\/it\/termini-e-condizioni\/","title":{"rendered":"Termini e Condizioni"},"content":{"rendered":"\n<p>Termini e Condizioni\u00a0<\/p>\n<p data-start=\"275\" data-end=\"560\">Benvenuto sul Traveling Time Trips! Ti invitiamo a leggere attentamente i presenti <strong data-start=\"372\" data-end=\"396\">Termini e Condizioni<\/strong>, che regolano l\u2019accesso e l\u2019utilizzo del sito da parte degli utenti. L\u2019uso del sito implica l\u2019accettazione piena e incondizionata dei termini riportati di seguito.<\/p>\n<h4 data-start=\"562\" data-end=\"590\">1. Oggetto del Servizio<\/h4>\n<p data-start=\"591\" data-end=\"823\">Il sito fornisce informazioni, preventivi e la possibilit\u00e0 di prenotare pacchetti vacanza, escursioni e altri servizi turistici.\u00a0<\/p>\n<h4 data-start=\"825\" data-end=\"857\">2. Requisiti per l\u2019Utilizzo<\/h4>\n<p data-start=\"858\" data-end=\"1053\">L\u2019utente dichiara di essere maggiorenne e di possedere la capacit\u00e0 giuridica per stipulare contratti vincolanti. \u00c8 responsabile della veridicit\u00e0 delle informazioni fornite durante l\u2019uso del sito.<\/p>\n<h4 data-start=\"1055\" data-end=\"1087\">3. Prenotazioni e Pagamenti<\/h4>\n<p data-start=\"1088\" data-end=\"1379\">Tutte le prenotazioni sono soggette a disponibilit\u00e0 e conferma da parte dei fornitori. I prezzi indicati possono variare in base al cambio valuta, disponibilit\u00e0 o aggiornamenti da parte dei partner. I pagamenti devono essere effettuati secondo le modalit\u00e0 specificate nella fase di acquisto.<\/p>\n<p data-start=\"1088\" data-end=\"1379\">La partecipazione al tour sar\u00e0 confermata dopo il pagamento anticipato (minimo 50 euro). Il pagamento dell&#8217;intero pacchetto turistico deve essere effettuato prima dell&#8217;arrivo.\u00a0<\/p>\n<p data-start=\"1088\" data-end=\"1379\">Il pagamento anticipato non e`rimborsabile.\u00a0<\/p>\n<h4 data-start=\"1381\" data-end=\"1414\">4. Modifiche e Cancellazioni<\/h4>\n<p data-start=\"1415\" data-end=\"1622\">Le politiche di modifica e cancellazione variano a seconda del servizio acquistato e del fornitore coinvolto. Ti invitiamo a leggere attentamente le condizioni specifiche prima di confermare la prenotazione. Se avete effettuato\u00a0 un pagamento anticipato(il pagamento anticipato non e`rimborsabile), ma dovete cancellare o modificare il vostro pacchetto turistico, potete farlo liberamente con 7 giorni di anticipo. Se annullate con almeno 7 giorni di anticipo rispetto alla partenza prenotata, l&#8217;importo pagato vi sar\u00e0 rimborsato senza alcuna penale. Se la cancellazione avviene con un anticipo compreso tra 3 e 6 giorni, \u00e8 prevista una tassa di cancellazione del 50%. In caso di annullamento entro 2 giorni dal tour, \u00e8 prevista una penale del 100% (escluse le commissioni bancarie).<\/p>\n<p data-start=\"1415\" data-end=\"1622\"><strong>5. Come effettuare il pagamento?<\/strong><\/p>\n<ul>\n<li>Pagamento con carta: Il terminale POS virtuale di Ameria Bank \u00e8 collegato al sito web, per cui \u00e8 possibile effettuare il pagamento o il pagamento anticipato online. Dopo aver indicato i servizi e aver premuto il tasto prenota il tour, sarete reindirizzati alla pagina del V-POS della banca.<\/li>\n<li>Bonifico bancario: Per il bonifico bancario, contattaci. Sara` possibilita` di effettiare il pagamento uttilizzando apple pay.\u00a0<\/li>\n<li>I contanti saranno accettati solo dopo il pagamento anticipato\u00a0<\/li>\n<\/ul>\n<p data-start=\"1415\" data-end=\"1622\">\u00a0<\/p>\n<h4 data-start=\"1624\" data-end=\"1646\">5. Responsabilit\u00e0<\/h4>\n<p data-start=\"1647\" data-end=\"1876\">Il sito agisce, in molti casi, come intermediario tra l\u2019utente e i fornitori dei servizi turistici. Non siamo responsabili per eventuali disservizi, cancellazioni, ritardi, o altri eventi al di fuori del nostro controllo diretto.<\/p>\n<h4 data-start=\"1878\" data-end=\"1909\">6. Propriet\u00e0 Intellettuale<\/h4>\n<p data-start=\"1910\" data-end=\"2075\">Tutti i contenuti presenti sul sito (testi, immagini, loghi, grafica) sono protetti da diritti d\u2019autore e non possono essere utilizzati senza autorizzazione scritta.<\/p>\n<h4 data-start=\"2077\" data-end=\"2105\">7. Modifiche ai Termini<\/h4>\n<p data-start=\"2106\" data-end=\"2268\">Ci riserviamo il diritto di modificare i presenti Termini e Condizioni in qualsiasi momento. Le modifiche saranno pubblicate sul sito e avranno effetto immediato.<\/p>\n<h4 data-start=\"2270\" data-end=\"2295\">8. Fotografie\u00a0<\/h4>\n<p>Le foto di gruppo possono essere utilizzati da Traveling Time.\u00a0<\/p>\n","protected":false},"excerpt":{"rendered":"<p>Termini e Condizioni\u00a0 Benvenuto sul Traveling Time Trips! Ti invitiamo a leggere attentamente i presenti Termini e Condizioni, che regolano l\u2019accesso e l\u2019utilizzo del sito da parte degli utenti. L\u2019uso del sito implica l\u2019accettazione piena e incondizionata dei termini riportati di seguito. 1. Oggetto del Servizio Il sito fornisce informazioni, preventivi e la possibilit\u00e0 di<\/p>\n<div class=\"padding-top text-center\"><a href=\"https:\/\/travelingtimetrips.com\/it\/termini-e-condizioni\/\" class=\"atbtn atbtn--medium atbtn--rounded atbtn--transparent\">Read more<i class=\"atbtn__icon atbtn__icon--right fa fa-long-arrow-right\"><\/i><\/a><\/div>\n","protected":false},"author":1,"featured_media":0,"parent":0,"menu_order":0,"comment_status":"closed","ping_status":"closed","template":"","meta":{"footnotes":""},"_links":{"self":[{"href":"https:\/\/travelingtimetrips.com\/it\/wp-json\/wp\/v2\/pages\/4246"}],"collection":[{"href":"https:\/\/travelingtimetrips.com\/it\/wp-json\/wp\/v2\/pages"}],"about":[{"href":"https:\/\/travelingtimetrips.com\/it\/wp-json\/wp\/v2\/types\/page"}],"author":[{"embeddable":true,"href":"https:\/\/travelingtimetrips.com\/it\/wp-json\/wp\/v2\/users\/1"}],"replies":[{"embeddable":true,"href":"https:\/\/travelingtimetrips.com\/it\/wp-json\/wp\/v2\/comments?post=4246"}],"version-history":[{"count":7,"href":"https:\/\/travelingtimetrips.com\/it\/wp-json\/wp\/v2\/pages\/4246\/revisions"}],"predecessor-version":[{"id":4259,"href":"https:\/\/travelingtimetrips.com\/it\/wp-json\/wp\/v2\/pages\/4246\/revisions\/4259"}],"wp:attachment":[{"href":"https:\/\/travelingtimetrips.com\/it\/wp-json\/wp\/v2\/media?parent=4246"}],"curies":[{"name":"wp","href":"https:\/\/api.w.org\/{rel}","templated":true}]}}