{"id":2682,"date":"2020-02-03T12:27:09","date_gmt":"2020-02-03T12:27:09","guid":{"rendered":"https:\/\/www.travelingtimetrips.com\/?post_type=product&#038;p=2682"},"modified":"2022-12-19T10:15:14","modified_gmt":"2022-12-19T10:15:14","slug":"viaggio-di-pasqua-in-armenia","status":"publish","type":"product","link":"https:\/\/travelingtimetrips.com\/it\/tours\/viaggio-di-pasqua-in-armenia\/","title":{"rendered":"Armenia dal sul al nord in una settimana"},"content":{"rendered":"<h3><span style=\"font-weight: 400;\"><\/span><\/h3>\n<h3><span style=\"font-weight: 400;\"><div class=\"timeline__item\">\n\t<div class=\"timeline__item__icon-wrap\">\n\t\t<div class=\"timeline__item__icon\">\n\t\t\t<div class=\"timeline__item__icon__text\">1<\/div>\n\t\t<\/div>\n\t<\/div>\n\t<div class=\"timeline__item__content padding-left\">\n\t\t\t\t\t<\/div>\n<\/div>\n<\/span><\/h3>\n<p><span style=\"text-decoration: underline;\"><strong>Yerevan-Khor Virap-Ejmiatsin-giro per la citta` di Yerevan-Yerevan<\/strong><\/span><\/p>\n<p><span style=\"font-weight: 400;\">Dopo la colazione nell&#8217;albergo si parte al monastero di Khor Virap. Essendo un posto Sacro per la presenza e il Miracolo di San Gregorio Armeno, e` notevole anche per la sua posizione-alle pendici del Monte Biblico Ararat. Continuate alla Santa Sede-la Cattedrale Madre di Echmiadzin e il monastero di Santa Hripsime,la riserva architettonica di Zvartnots: tutti i siti menzionati sono considerati patrimonio culturale dell&#8217;Umanit\u00e0`. Dopo la visita della capitale spirituale di tutti gli armeni, si dirige al Memoriale e il Museo del Genocidio a Yerevan. La capitale degli armeni e` il simbolo della rinascita del popolo armeno. Essendo una delle citta` piu&#8217; antiche al mondo (fondata nel 782 a.C.) , ora l&#8217;aspetto di Yerevan e` piu&#8217; sovietico. Yerevan e` la 12esima capitale degli armeni ed e` diventata la capitale nel XX secolo, proprio per questo la maggior parte della citta` e` stata costruita nel tempo sovietico. E` particolare il centro della citt\u00e0`: i suoi palazzi con il monumentalismo sovietico e i dettagli dell&#8217;architettura ecclesiastica dell&#8217;Armenia medievale. Di sera la citta` e` molto vivace (soprattutto nel periodo da maggio a novembre)<\/span><\/p>\n<p>Pernottamento a Yerevan<\/p>\n<h3><span style=\"font-weight: 400;\">\u00a0\u00a0\u00a0\u00a0\u00a0\u00a0\u00a0\u00a0\u00a0\u00a0\u00a0\u00a0\u00a0\u00a0\u00a0\u00a0\u00a0\u00a0\u00a0\u00a0\u00a0\u00a0\u00a0\u00a0<\/span><\/h3>\n<h3><span style=\"font-weight: 400;\"><\/span><\/h3>\n<h3><span style=\"font-weight: 400;\"><div class=\"timeline__item\">\n\t<div class=\"timeline__item__icon-wrap\">\n\t\t<div class=\"timeline__item__icon\">\n\t\t\t<div class=\"timeline__item__icon__text\">2<\/div>\n\t\t<\/div>\n\t<\/div>\n\t<div class=\"timeline__item__content padding-left\">\n\t\t\t\t\t<\/div>\n<\/div>\n<\/span><\/h3>\n<p><span style=\"text-decoration: underline;\"><strong>Yerevan-Areni Noravank-Stonehenge armeno-Khndzoresk-Funivia di Tatev-Monastero di Tatev<\/strong><\/span><\/p>\n<p><span style=\"font-weight: 400;\">Dopo la colazione si parte al Sud, passando la valle dell&#8217;Ararat. In una giornata limpida si puo` godere la compagnia del Monte Biblico durante il percorso. Nella regione di Vayots Dzor vedrete uno dei gioielli dell&#8217;architettura armena medievale- il monastero di Noravank. Questo complesso monastico essendo molto armonioso con la natura, e` anche un capolavoro architettonico: e` notevole la Chiesa di Santa Maria Madre di Dio, il nartece della Chiesa di Santo Stefano, i bassorilievi e le croci su pietra. La Chiesa di Santa Maria e` una Chiesa a due piani, ed e` possibile salire al secondo piano soltanto con le scale esterne, che sono strettissime. Passando il canyon roccioso del Amaghu, si esce verso il villaggio vinicolo, dove si puo` visitare una delle cantine vinicole piu antiche al mondo-con 6100 anni di storia. Dopo la visita del sito archeologico si dirige verso la regione di Syunik. Preparate le giacche perch\u00e9` far\u00e0` pi\u00f9 freddo. si` si` nella parte della regione di Syunik, dove sarete far\u00e0` pi\u00f9` freddo, perch\u00e9 \u00e8` la parte pi\u00f9 montuosa dell&#8217;Armenia. Vedrete lo Stonehenge armeno (piu antico dello stonehenge inglese)-la citt\u00e0` fra le grotte con il ponte sospeso ( 63 m d&#8217;altezza e 160 m di lunghezza)-prenderete le ali di Tatev ( la funivia pi\u00f9 lunga al mondo Guinness 2010)-e vedrete uno dei monasteri piu misteriosi dell&#8217;Armenia-Tatev , che vuol dire &#8221;Dammi le Ali&#8221;. Il pernottamento sar\u00e0` nello stesso villaggio da una famiglia locale ( con bagni privati).<\/span><\/p>\n<p>Pernottamento a Tatev<\/p>\n<h3><span style=\"font-weight: 400;\"><\/span><\/h3>\n<h3><span style=\"font-weight: 400;\"><div class=\"timeline__item\">\n\t<div class=\"timeline__item__icon-wrap\">\n\t\t<div class=\"timeline__item__icon\">\n\t\t\t<div class=\"timeline__item__icon__text\">3<\/div>\n\t\t<\/div>\n\t<\/div>\n\t<div class=\"timeline__item__content padding-left\">\n\t\t\t\t\t<\/div>\n<\/div>\n<\/span><\/h3>\n<p><span style=\"text-decoration: underline;\"><strong>Tatev-canyon del Vorotan-Campanile di Harsnadzor- Cascata di Shaki-Caravanserraglio di Orbelian-Hayravank-Yerevan<\/strong><\/span><\/p>\n<p><span style=\"font-weight: 400;\">Dopo la colazione a casa locale, si prende la direzione verso Yerevan, pero` c&#8217;e` tanto da vedere per strada. Passando il canyon del Vorotan, vedrete il campanile di Harsnadzor (Campanile della Sposa) e il ponte naturale -Ponte del diavolo. Poco lontano dalla citta` di Sisian farete una sosta alla cascata di Shaki, dopodich\u00e9 si continua verso il passo Sevan. Avrete una breve sosta sul passo di Vardenyats. Vi si trova il caravanserraglio di Orbelian. Continuate verso il lago di Sevan dopo le visite del campo delle croci su pietra medievali di Noratus e il monastero del IX secolo Hayravank, dirigetevi verso la citta` di Yerevan.<\/span><\/p>\n<p>Pernottamento a Yerevan<\/p>\n<h3><span style=\"font-weight: 400;\"><\/span><\/h3>\n<h3><span style=\"font-weight: 400;\"><div class=\"timeline__item\">\n\t<div class=\"timeline__item__icon-wrap\">\n\t\t<div class=\"timeline__item__icon\">\n\t\t\t<div class=\"timeline__item__icon__text\">4<\/div>\n\t\t<\/div>\n\t<\/div>\n\t<div class=\"timeline__item__content padding-left\">\n\t\t\t\t\t<\/div>\n<\/div>\n<\/span><\/h3>\n<p><span style=\"text-decoration: underline;\"><strong>Yerevan-Gyumri-Yerevan<\/strong><\/span><\/p>\n<p><span style=\"font-weight: 400;\">Questa giornata sar\u00e0` dedicata` alla seconda\u00a0 citta` piu grande dell&#8217;Armenia-la citt\u00e0` di Gyumri, sar\u00e0` dedicata all&#8217;Armenia del XIX-XXI secoli. Esplorate l&#8217;Armenia dal periodo della presenza russa alla generazione post-sovietica. Dopo il giro per Gyumri\u00a0 si continua ad esplorare i dintorni. . Nel XIX secolo era il centro culturale dell&#8217;Armenia. Nonostante il terremoto devastante del 1988 i palazzi ottocenteschi hanno resistito. Questa citt\u00e0` ha il suo fascino ed il calore.<\/span><\/p>\n<p>Pernottamento a Yerevan<\/p>\n<h3><span style=\"font-weight: 400;\"><\/span><\/h3>\n<h3><span style=\"font-weight: 400;\"><div class=\"timeline__item\">\n\t<div class=\"timeline__item__icon-wrap\">\n\t\t<div class=\"timeline__item__icon\">\n\t\t\t<div class=\"timeline__item__icon__text\">5<\/div>\n\t\t<\/div>\n\t<\/div>\n\t<div class=\"timeline__item__content padding-left\">\n\t\t\t\t\t<\/div>\n<\/div>\n<\/span><\/h3>\n<p><span style=\"text-decoration: underline;\"><strong>Gyumri-Yereruyk-Mastara-Amberd-Yerevan<\/strong><\/span><\/p>\n<p><span style=\"font-weight: 400;\">Giornata dedicata all&#8217;architettura paleocristiana armena e la fortezza di Amberd. Le Chiese di Yereruyk e Mastara sono degli esempi unici nella storia dell&#8217;Architettura armena. Fondati fra 4-6 secoli sono fondano stili architettonici totalmente diversi in Armenia: dallo stile classico all&#8217;innovazione architettonica. Continuate verso le pendici del monte Aragats. Su 2300 m.s.l.m. vi aspetta una delle fortezze meglio conservate in Armenia. ( se non sar\u00e0` raggiungibile a causa di neve, si far\u00e0` una visita alla fortezza di Dashtadem)<\/span><\/p>\n<p>Pernottamento a Yerevan<\/p>\n<h3><span style=\"font-weight: 400;\"><\/span><\/h3>\n<h3><span style=\"font-weight: 400;\"><div class=\"timeline__item\">\n\t<div class=\"timeline__item__icon-wrap\">\n\t\t<div class=\"timeline__item__icon\">\n\t\t\t<div class=\"timeline__item__icon__text\">6<\/div>\n\t\t<\/div>\n\t<\/div>\n\t<div class=\"timeline__item__content padding-left\">\n\t\t<h3 class=\"timeline__item__title\"> <\/h3>\t\t\t<\/div>\n<\/div>\n<\/span><\/h3>\n<p><strong><span style=\"text-decoration: underline;\">Yerevan-Garni-Geghard-Museo del Genocidio-Sport Complex ( esempio del modernismo armeno)-Yerevan <\/span><\/strong><\/p>\n<p><span style=\"font-weight: 400;\">Una giornata dedicata ai siti pi\u00f9\u2019 importanti dell\u2019Armenia: l&#8217;unico tempio dello stile greco-romano, il monastero rupestre ed il museo-del Genocidio degli armeni.\u00a0<\/span><\/p>\n<p>&nbsp;<\/p>\n","protected":false},"excerpt":{"rendered":"<p>Esplora l&#8217;Armenia durante le vacanze di Pasqua.\u00a0 Fai un viaggio nel tempo! Senti lo spirito dell&#8217;antichita` nei monasteri misteriosi e le fortezze irraggiungibili, goditi la natura vergine e i frutti della Terra di Ararat.<\/p>\n","protected":false},"featured_media":1839,"comment_status":"open","ping_status":"closed","template":"","meta":[],"product_cat":[172],"product_tag":[],"_links":{"self":[{"href":"https:\/\/travelingtimetrips.com\/it\/wp-json\/wp\/v2\/product\/2682"}],"collection":[{"href":"https:\/\/travelingtimetrips.com\/it\/wp-json\/wp\/v2\/product"}],"about":[{"href":"https:\/\/travelingtimetrips.com\/it\/wp-json\/wp\/v2\/types\/product"}],"replies":[{"embeddable":true,"href":"https:\/\/travelingtimetrips.com\/it\/wp-json\/wp\/v2\/comments?post=2682"}],"wp:featuredmedia":[{"embeddable":true,"href":"https:\/\/travelingtimetrips.com\/it\/wp-json\/wp\/v2\/media\/1839"}],"wp:attachment":[{"href":"https:\/\/travelingtimetrips.com\/it\/wp-json\/wp\/v2\/media?parent=2682"}],"wp:term":[{"taxonomy":"product_cat","embeddable":true,"href":"https:\/\/travelingtimetrips.com\/it\/wp-json\/wp\/v2\/product_cat?post=2682"},{"taxonomy":"product_tag","embeddable":true,"href":"https:\/\/travelingtimetrips.com\/it\/wp-json\/wp\/v2\/product_tag?post=2682"}],"curies":[{"name":"wp","href":"https:\/\/api.w.org\/{rel}","templated":true}]}}